{"id":5673,"date":"2017-04-01T22:29:33","date_gmt":"2017-04-01T21:29:33","guid":{"rendered":"http:\/\/elab.si\/?page_id=5673"},"modified":"2017-04-01T22:29:33","modified_gmt":"2017-04-01T21:29:33","slug":"piskotki","status":"publish","type":"page","link":"https:\/\/www.elab.si\/index.php\/piskotki\/","title":{"rendered":"Pi\u0161kotki"},"content":{"rendered":"<body><p>[et_pb_section admin_label=\u201dsection\u201d][et_pb_row admin_label=\u201drow\u201d][et_pb_column type=\u201d4_4\u2033][et_pb_text admin_label=\u201dText\u201d background_layout=\u201dlight\u201d text_orientation=\u201dleft\u201d use_border_color=\u201doff\u201d border_color=\u201d#ffffff\u201d border_style=\u201dsolid\u201d]<\/p>\n<p>Ta stran uporablja pi\u0161kotke. Z nadaljevanjem uporabe te strani sogla\u0161ate z uporabo pi\u0161kotkov.<\/p>\n<p>[\/et_pb_text][\/et_pb_column][\/et_pb_row][\/et_pb_section]<\/p>\n<\/body>","protected":false},"excerpt":{"rendered":"<p>[et_pb_section admin_label=\u201dsection\u201d][et_pb_row admin_label=\u201drow\u201d][et_pb_column type=\u201d4_4\u2033][et_pb_text admin_label=\u201dText\u201d background_layout=\u201dlight\u201d text_orientation=\u201dleft\u201d use_border_color=\u201doff\u201d border_color=\u201d#ffffff\u201d border_style=\u201dsolid\u201d] Ta stran uporablja pi\u0161kotke. Z nadaljevanjem uporabe te strani sogla\u0161ate z uporabo pi\u0161kotkov. [\/et_pb_text][\/et_pb_column][\/et_pb_row][\/et_pb_section]<\/p>\n","protected":false},"author":1,"featured_media":0,"parent":0,"menu_order":0,"comment_status":"closed","ping_status":"closed","template":"","meta":{"om_disable_all_campaigns":false,"footnotes":""},"class_list":["post-5673","page","type-page","status-publish","hentry"],"_links":{"self":[{"href":"https:\/\/www.elab.si\/index.php\/wp-json\/wp\/v2\/pages\/5673","targetHints":{"allow":["GET"]}}],"collection":[{"href":"https:\/\/www.elab.si\/index.php\/wp-json\/wp\/v2\/pages"}],"about":[{"href":"https:\/\/www.elab.si\/index.php\/wp-json\/wp\/v2\/types\/page"}],"author":[{"embeddable":true,"href":"https:\/\/www.elab.si\/index.php\/wp-json\/wp\/v2\/users\/1"}],"replies":[{"embeddable":true,"href":"https:\/\/www.elab.si\/index.php\/wp-json\/wp\/v2\/comments?post=5673"}],"version-history":[{"count":1,"href":"https:\/\/www.elab.si\/index.php\/wp-json\/wp\/v2\/pages\/5673\/revisions"}],"predecessor-version":[{"id":5674,"href":"https:\/\/www.elab.si\/index.php\/wp-json\/wp\/v2\/pages\/5673\/revisions\/5674"}],"wp:attachment":[{"href":"https:\/\/www.elab.si\/index.php\/wp-json\/wp\/v2\/media?parent=5673"}],"curies":[{"name":"wp","href":"https:\/\/api.w.org\/{rel}","templated":true}]}}